{"id":12195,"date":"2025-12-15T11:54:13","date_gmt":"2025-12-15T10:54:13","guid":{"rendered":"https:\/\/hotelserenella.net\/?page_id=12195"},"modified":"2025-12-15T11:55:07","modified_gmt":"2025-12-15T10:55:07","slug":"reservations","status":"publish","type":"page","link":"https:\/\/hotelserenella.net\/fr\/reservations\/","title":{"rendered":"R\u00e9servations"},"content":{"rendered":"\t\t<div data-elementor-type=\"wp-page\" data-elementor-id=\"12195\" class=\"elementor elementor-12195\">\n\t\t\t\t<div class=\"elementor-element elementor-element-2ee3ce5 elementor-hidden-tablet elementor-hidden-mobile e-flex e-con-boxed e-con e-parent\" data-id=\"2ee3ce5\" data-element_type=\"container\" data-e-type=\"container\" data-settings=\"{&quot;background_background&quot;:&quot;classic&quot;}\">\n\t\t\t\t\t<div class=\"e-con-inner\">\n\t\t\t\t<div class=\"elementor-element elementor-element-959b1d7 elementor-widget-divider--view-line elementor-widget elementor-widget-divider\" data-id=\"959b1d7\" data-element_type=\"widget\" data-e-type=\"widget\" data-widget_type=\"divider.default\">\n\t\t\t\t<div class=\"elementor-widget-container\">\n\t\t\t\t\t\t\t<div class=\"elementor-divider\">\n\t\t\t<span class=\"elementor-divider-separator\">\n\t\t\t\t\t\t<\/span>\n\t\t<\/div>\n\t\t\t\t\t\t<\/div>\n\t\t\t\t<\/div>\n\t\t\t\t\t<\/div>\n\t\t\t\t<\/div>\n\t\t<div class=\"elementor-element elementor-element-dd45cd1 e-flex e-con-boxed elementor-invisible e-con e-parent\" data-id=\"dd45cd1\" data-element_type=\"container\" data-e-type=\"container\" data-settings=\"{&quot;animation&quot;:&quot;fadeInUp&quot;}\">\n\t\t\t\t\t<div class=\"e-con-inner\">\n\t\t\t\t<div class=\"elementor-element elementor-element-8e5e7e7 elementor-widget elementor-widget-image\" data-id=\"8e5e7e7\" data-element_type=\"widget\" data-e-type=\"widget\" data-widget_type=\"image.default\">\n\t\t\t\t<div class=\"elementor-widget-container\">\n\t\t\t\t\t\t\t\t\t\t\t\t\t\t\t<img decoding=\"async\" width=\"500\" height=\"61\" src=\"https:\/\/hotelserenella.net\/wp-content\/uploads\/2025\/12\/logo-pieno-black.png\" class=\"attachment-large size-large wp-image-12189\" alt=\"\" srcset=\"https:\/\/hotelserenella.net\/wp-content\/uploads\/2025\/12\/logo-pieno-black.png 500w, https:\/\/hotelserenella.net\/wp-content\/uploads\/2025\/12\/logo-pieno-black-300x37.png 300w\" sizes=\"(max-width: 500px) 100vw, 500px\" \/>\t\t\t\t\t\t\t\t\t\t\t\t\t\t\t<\/div>\n\t\t\t\t<\/div>\n\t\t\t\t<div class=\"elementor-element elementor-element-05fa3aa elementor-widget elementor-widget-text-editor\" data-id=\"05fa3aa\" data-element_type=\"widget\" data-e-type=\"widget\" data-widget_type=\"text-editor.default\">\n\t\t\t\t<div class=\"elementor-widget-container\">\n\t\t\t\t\t\t\t\t\t<p>Le restaurant de l&rsquo;h\u00f4tel Serenella vous propose des d\u00eeners, des soir\u00e9es sp\u00e9ciales et des \u00e9v\u00e9nements pour les f\u00eates. Choisissez votre exp\u00e9rience pr\u00e9f\u00e9r\u00e9e et r\u00e9servez votre table d\u00e8s maintenant.<\/p>\t\t\t\t\t\t\t\t<\/div>\n\t\t\t\t<\/div>\n\t\t\t\t\t<\/div>\n\t\t\t\t<\/div>\n\t\t<div class=\"elementor-element elementor-element-a80ef05 e-flex e-con-boxed e-con e-parent\" data-id=\"a80ef05\" data-element_type=\"container\" data-e-type=\"container\">\n\t\t\t\t\t<div class=\"e-con-inner\">\n\t\t<div class=\"elementor-element elementor-element-7694d54 e-con-full animated-slow e-flex elementor-invisible e-con e-child\" data-id=\"7694d54\" data-element_type=\"container\" data-e-type=\"container\" data-settings=\"{&quot;animation&quot;:&quot;fadeInUp&quot;}\">\n\t\t\t\t<div class=\"elementor-element elementor-element-8e2ce4a elementor-widget elementor-widget-heading\" data-id=\"8e2ce4a\" data-element_type=\"widget\" data-e-type=\"widget\" data-widget_type=\"heading.default\">\n\t\t\t\t<div class=\"elementor-widget-container\">\n\t\t\t\t\t<h3 class=\"elementor-heading-title elementor-size-default\">R\u00e9servation de restaurant<\/h3>\t\t\t\t<\/div>\n\t\t\t\t<\/div>\n\t\t\t\t<div class=\"elementor-element elementor-element-ce2f566 elementor-widget elementor-widget-text-editor\" data-id=\"ce2f566\" data-element_type=\"widget\" data-e-type=\"widget\" data-widget_type=\"text-editor.default\">\n\t\t\t\t<div class=\"elementor-widget-container\">\n\t\t\t\t\t\t\t\t\t<p>R\u00e9servez votre table pour le d\u00e9jeuner ou le d\u00eener au restaurant de l&rsquo;h\u00f4tel Serenella. Cuisine de qualit\u00e9, ambiance chaleureuse et service attentionn\u00e9.<\/p>\t\t\t\t\t\t\t\t<\/div>\n\t\t\t\t<\/div>\n\t\t\t\t<div class=\"elementor-element elementor-element-13b4b2a elementor-align-center elementor-widget elementor-widget-ld_button\" data-id=\"13b4b2a\" data-element_type=\"widget\" data-e-type=\"widget\" data-widget_type=\"ld_button.default\">\n\t\t\t\t<div class=\"elementor-widget-container\">\n\t\t\t\t\t\n\t\t<a href=\"https:\/\/ristoranteserenella.plateform.app\/\" class=\"elementor-button btn align-items-center justify-content-center pos-rel overflow-hidden ws-nowrap btn-solid btn-has-label\" target=\"_blank\" rel=\"noopener\">\n\t\t\t\t\t\t\t<span class=\"btn-txt d-block pos-rel z-index-3\"  data-text=\"R\u00e9servez votre table\" >\n\t\t\t\t\t\t\t\t\t\t\tR\u00e9servez votre table\t\t\t\t\t\t\t\t\t<\/span>\n\t\t\t\t\t\t\t\t<\/a>\n\n\t\t\t\t\t\t<\/div>\n\t\t\t\t<\/div>\n\t\t\t\t<\/div>\n\t\t<div class=\"elementor-element elementor-element-4b17272 e-con-full animated-slow e-flex elementor-invisible e-con e-child\" data-id=\"4b17272\" data-element_type=\"container\" data-e-type=\"container\" data-settings=\"{&quot;animation&quot;:&quot;fadeInUp&quot;,&quot;animation_delay&quot;:200}\">\n\t\t\t\t<div class=\"elementor-element elementor-element-588ca20 elementor-widget elementor-widget-heading\" data-id=\"588ca20\" data-element_type=\"widget\" data-e-type=\"widget\" data-widget_type=\"heading.default\">\n\t\t\t\t<div class=\"elementor-widget-container\">\n\t\t\t\t\t<h3 class=\"elementor-heading-title elementor-size-default\">White Thursday<\/h3>\t\t\t\t<\/div>\n\t\t\t\t<\/div>\n\t\t\t\t<div class=\"elementor-element elementor-element-ef2813f elementor-widget elementor-widget-text-editor\" data-id=\"ef2813f\" data-element_type=\"widget\" data-e-type=\"widget\" data-widget_type=\"text-editor.default\">\n\t\t\t\t<div class=\"elementor-widget-container\">\n\t\t\t\t\t\t\t\t\t<p>Une soir\u00e9e d&rsquo;exception avec un menu raffin\u00e9 et une ambiance \u00e9l\u00e9gante. Le Jeudi Blanc est l&rsquo;occasion id\u00e9ale de vivre une exp\u00e9rience unique.<\/p>\t\t\t\t\t\t\t\t<\/div>\n\t\t\t\t<\/div>\n\t\t\t\t<div class=\"elementor-element elementor-element-f3cba88 elementor-align-center elementor-widget elementor-widget-ld_button\" data-id=\"f3cba88\" data-element_type=\"widget\" data-e-type=\"widget\" data-widget_type=\"ld_button.default\">\n\t\t\t\t<div class=\"elementor-widget-container\">\n\t\t\t\t\t\n\t\t<a href=\"https:\/\/ristoranteserenella.plateform.app\/frontpage\/esperienze\/313ddc0781ed39997ff3bffc6a64af97\" class=\"elementor-button btn align-items-center justify-content-center pos-rel overflow-hidden ws-nowrap btn-solid btn-icon-right btn-has-label\" target=\"_blank\" rel=\"noopener\">\n\t\t\t\t\t\t\t<span class=\"btn-txt d-block pos-rel z-index-3\"  data-text=\"R\u00e9servez votre table\" >\n\t\t\t\t\t\t\t\t\t\t\tR\u00e9servez votre table\t\t\t\t\t\t\t\t\t<\/span>\n\t\t\t\t\t\t\t\t\t\t\t<span class=\"btn-icon pos-rel z-index-3\">\n\t\t\t\t\t\t<i aria-hidden=\"true\" class=\"far fa-calendar-alt\"><\/i>\t\t\t\t\t<\/span>\n\t\t\t\t\t\t\t<\/a>\n\n\t\t\t\t\t\t<\/div>\n\t\t\t\t<\/div>\n\t\t\t\t<\/div>\n\t\t<div class=\"elementor-element elementor-element-53d1929 e-con-full animated-slow e-flex elementor-invisible e-con e-child\" data-id=\"53d1929\" data-element_type=\"container\" data-e-type=\"container\" data-settings=\"{&quot;animation&quot;:&quot;fadeInUp&quot;,&quot;animation_delay&quot;:300}\">\n\t\t\t\t<div class=\"elementor-element elementor-element-fc627eb elementor-widget elementor-widget-heading\" data-id=\"fc627eb\" data-element_type=\"widget\" data-e-type=\"widget\" data-widget_type=\"heading.default\">\n\t\t\t\t<div class=\"elementor-widget-container\">\n\t\t\t\t\t<h3 class=\"elementor-heading-title elementor-size-default\">d\u00e9jeuner de No\u00ebl<\/h3>\t\t\t\t<\/div>\n\t\t\t\t<\/div>\n\t\t\t\t<div class=\"elementor-element elementor-element-2488371 elementor-widget elementor-widget-text-editor\" data-id=\"2488371\" data-element_type=\"widget\" data-e-type=\"widget\" data-widget_type=\"text-editor.default\">\n\t\t\t\t<div class=\"elementor-widget-container\">\n\t\t\t\t\t\t\t\t\t<p>C\u00e9l\u00e9brez No\u00ebl avec un d\u00e9jeuner sp\u00e9cial \u00e0 l&rsquo;H\u00f4tel Serenella. Un menu festif, des saveurs traditionnelles et une ambiance chaleureuse.<\/p>\t\t\t\t\t\t\t\t<\/div>\n\t\t\t\t<\/div>\n\t\t\t\t<div class=\"elementor-element elementor-element-26facff elementor-align-center elementor-widget elementor-widget-ld_button\" data-id=\"26facff\" data-element_type=\"widget\" data-e-type=\"widget\" data-widget_type=\"ld_button.default\">\n\t\t\t\t<div class=\"elementor-widget-container\">\n\t\t\t\t\t\n\t\t<a href=\"https:\/\/ristoranteserenella.plateform.app\/frontpage\/esperienze\/32949b5c7bab5f6347d9750b32cb75e1\" class=\"elementor-button btn align-items-center justify-content-center pos-rel overflow-hidden ws-nowrap btn-solid btn-icon-right btn-has-label\" target=\"_blank\" rel=\"noopener\">\n\t\t\t\t\t\t\t<span class=\"btn-txt d-block pos-rel z-index-3\"  data-text=\"R\u00e9servez votre table\" >\n\t\t\t\t\t\t\t\t\t\t\tR\u00e9servez votre table\t\t\t\t\t\t\t\t\t<\/span>\n\t\t\t\t\t\t\t\t\t\t\t<span class=\"btn-icon pos-rel z-index-3\">\n\t\t\t\t\t\t<i aria-hidden=\"true\" class=\"fas fa-tree\"><\/i>\t\t\t\t\t<\/span>\n\t\t\t\t\t\t\t<\/a>\n\n\t\t\t\t\t\t<\/div>\n\t\t\t\t<\/div>\n\t\t\t\t<\/div>\n\t\t<div class=\"elementor-element elementor-element-3e30f07 e-con-full animated-slow e-flex elementor-invisible e-con e-child\" data-id=\"3e30f07\" data-element_type=\"container\" data-e-type=\"container\" data-settings=\"{&quot;animation&quot;:&quot;fadeInUp&quot;,&quot;animation_delay&quot;:400}\">\n\t\t\t\t<div class=\"elementor-element elementor-element-e818b5e elementor-widget elementor-widget-heading\" data-id=\"e818b5e\" data-element_type=\"widget\" data-e-type=\"widget\" data-widget_type=\"heading.default\">\n\t\t\t\t<div class=\"elementor-widget-container\">\n\t\t\t\t\t<h3 class=\"elementor-heading-title elementor-size-default\">D\u00eener du r\u00e9veillon du Nouvel An<\/h3>\t\t\t\t<\/div>\n\t\t\t\t<\/div>\n\t\t\t\t<div class=\"elementor-element elementor-element-e3659a6 elementor-widget elementor-widget-text-editor\" data-id=\"e3659a6\" data-element_type=\"widget\" data-e-type=\"widget\" data-widget_type=\"text-editor.default\">\n\t\t\t\t<div class=\"elementor-widget-container\">\n\t\t\t\t\t\t\t\t\t<p>C\u00e9l\u00e9brez le Nouvel An avec un d\u00eener d&rsquo;exception. Au programme:<br \/>menu exclusif, ambiance festive et toast \u00e0 minuit.<\/p>\t\t\t\t\t\t\t\t<\/div>\n\t\t\t\t<\/div>\n\t\t\t\t<div class=\"elementor-element elementor-element-6c3228c elementor-align-center elementor-widget elementor-widget-ld_button\" data-id=\"6c3228c\" data-element_type=\"widget\" data-e-type=\"widget\" data-widget_type=\"ld_button.default\">\n\t\t\t\t<div class=\"elementor-widget-container\">\n\t\t\t\t\t\n\t\t<a href=\"https:\/\/ristoranteserenella.plateform.app\/frontpage\/esperienze\/92ddc6740e560d062cd24f2546ee8bd9\" class=\"elementor-button btn align-items-center justify-content-center pos-rel overflow-hidden ws-nowrap btn-solid btn-icon-right btn-has-label\" target=\"_blank\" rel=\"noopener\">\n\t\t\t\t\t\t\t<span class=\"btn-txt d-block pos-rel z-index-3\"  data-text=\"R\u00e9servez votre table\" >\n\t\t\t\t\t\t\t\t\t\t\tR\u00e9servez votre table\t\t\t\t\t\t\t\t\t<\/span>\n\t\t\t\t\t\t\t\t\t\t\t<span class=\"btn-icon pos-rel z-index-3\">\n\t\t\t\t\t\t<i aria-hidden=\"true\" class=\"far fa-star\"><\/i>\t\t\t\t\t<\/span>\n\t\t\t\t\t\t\t<\/a>\n\n\t\t\t\t\t\t<\/div>\n\t\t\t\t<\/div>\n\t\t\t\t<\/div>\n\t\t\t\t\t<\/div>\n\t\t\t\t<\/div>\n\t\t<div class=\"elementor-element elementor-element-de399d9 e-flex e-con-boxed e-con e-parent\" data-id=\"de399d9\" data-element_type=\"container\" data-e-type=\"container\">\n\t\t\t\t\t<div class=\"e-con-inner\">\n\t\t\t\t<div class=\"elementor-element elementor-element-e1efb4a elementor-widget-divider--view-line elementor-widget elementor-widget-divider\" data-id=\"e1efb4a\" data-element_type=\"widget\" data-e-type=\"widget\" data-widget_type=\"divider.default\">\n\t\t\t\t<div class=\"elementor-widget-container\">\n\t\t\t\t\t\t\t<div class=\"elementor-divider\">\n\t\t\t<span class=\"elementor-divider-separator\">\n\t\t\t\t\t\t<\/span>\n\t\t<\/div>\n\t\t\t\t\t\t<\/div>\n\t\t\t\t<\/div>\n\t\t\t\t\t<\/div>\n\t\t\t\t<\/div>\n\t\t\t\t<\/div>\n\t\t","protected":false},"excerpt":{"rendered":"<p>Le restaurant de l&rsquo;h\u00f4tel Serenella vous propose des d\u00eeners, des soir\u00e9es sp\u00e9ciales et des \u00e9v\u00e9nements pour les f\u00eates. Choisissez votre exp\u00e9rience pr\u00e9f\u00e9r\u00e9e et r\u00e9servez votre table d\u00e8s maintenant. R\u00e9servation de restaurant R\u00e9servez votre table pour le d\u00e9jeuner ou le d\u00eener au restaurant de l&rsquo;h\u00f4tel Serenella. Cuisine de qualit\u00e9, ambiance chaleureuse et service attentionn\u00e9. R\u00e9servez votre [&hellip;]<\/p>\n","protected":false},"author":4,"featured_media":0,"parent":0,"menu_order":0,"comment_status":"closed","ping_status":"closed","template":"","meta":{"footnotes":""},"class_list":["post-12195","page","type-page","status-publish","hentry"],"_links":{"self":[{"href":"https:\/\/hotelserenella.net\/fr\/wp-json\/wp\/v2\/pages\/12195","targetHints":{"allow":["GET"]}}],"collection":[{"href":"https:\/\/hotelserenella.net\/fr\/wp-json\/wp\/v2\/pages"}],"about":[{"href":"https:\/\/hotelserenella.net\/fr\/wp-json\/wp\/v2\/types\/page"}],"author":[{"embeddable":true,"href":"https:\/\/hotelserenella.net\/fr\/wp-json\/wp\/v2\/users\/4"}],"replies":[{"embeddable":true,"href":"https:\/\/hotelserenella.net\/fr\/wp-json\/wp\/v2\/comments?post=12195"}],"version-history":[{"count":4,"href":"https:\/\/hotelserenella.net\/fr\/wp-json\/wp\/v2\/pages\/12195\/revisions"}],"predecessor-version":[{"id":12200,"href":"https:\/\/hotelserenella.net\/fr\/wp-json\/wp\/v2\/pages\/12195\/revisions\/12200"}],"wp:attachment":[{"href":"https:\/\/hotelserenella.net\/fr\/wp-json\/wp\/v2\/media?parent=12195"}],"curies":[{"name":"wp","href":"https:\/\/api.w.org\/{rel}","templated":true}]}}